{"id":1342,"date":"2022-01-18T17:51:14","date_gmt":"2022-01-18T14:51:14","guid":{"rendered":"http:\/\/uniform.lv\/?page_id=1342"},"modified":"2022-03-08T19:07:07","modified_gmt":"2022-03-08T16:07:07","slug":"uniforma-dlya-aviokompanij","status":"publish","type":"page","link":"https:\/\/uniform.lv\/lv\/uniforma-dlya-aviokompanij\/","title":{"rendered":"Aviokomp\u0101niju formas t\u0113rpi"},"content":{"rendered":"<p><\/p>\n<p>Uz\u0146\u0113mums BAJARSSKA rada unik\u0101lu dizainu, k\u0101 ar\u012b ra\u017eo un pieg\u0101d\u0101 formas t\u0113rpus visu l\u012bme\u0146u aviokomp\u0101niju darbiniekiem \u2013 no stjuartiem l\u012bdz tehniskiem speci\u0101listiem, \u0146emot v\u0113r\u0101 gan korporat\u012bvo stilu, gan starptautiskas dro\u0161\u012bbas pras\u012bbas.<\/p>\n<p>BAJARSSKA dizaineri vienm\u0113r rada stil\u012bgu un praktisku ap\u0123\u0113rbu.<\/p>\n<p><a href=\"https:\/\/uniform.lv\/lv\/uniforma-dlya-aviokompanij\/#contact\">Lai uzzin\u0101tu vair\u0101k, sazinieties ar mums vai uzdodiet jaut\u0101jumu<\/a><\/p>\n<p><\/p>","protected":false},"excerpt":{"rendered":"<p>Uz\u0146\u0113mums BAJARSSKA rada unik\u0101lu dizainu, k\u0101 ar\u012b ra\u017eo un pieg\u0101d\u0101 formas t\u0113rpus visu l\u012bme\u0146u aviokomp\u0101niju darbiniekiem \u2013 no stjuartiem l\u012bdz tehniskiem speci\u0101listiem, \u0146emot v\u0113r\u0101 gan korporat\u012bvo stilu, gan starptautiskas dro\u0161\u012bbas pras\u012bbas. BAJARSSKA dizaineri vienm\u0113r rada stil\u012bgu un praktisku ap\u0123\u0113rbu. Lai uzzin\u0101tu vair\u0101k, sazinieties ar mums vai uzdodiet jaut\u0101jumu<\/p>\n","protected":false},"author":1,"featured_media":0,"parent":0,"menu_order":0,"comment_status":"closed","ping_status":"closed","template":"","meta":{"inline_featured_image":false,"footnotes":""},"class_list":["post-1342","page","type-page","status-publish","hentry"],"_links":{"self":[{"href":"https:\/\/uniform.lv\/lv\/wp-json\/wp\/v2\/pages\/1342","targetHints":{"allow":["GET"]}}],"collection":[{"href":"https:\/\/uniform.lv\/lv\/wp-json\/wp\/v2\/pages"}],"about":[{"href":"https:\/\/uniform.lv\/lv\/wp-json\/wp\/v2\/types\/page"}],"author":[{"embeddable":true,"href":"https:\/\/uniform.lv\/lv\/wp-json\/wp\/v2\/users\/1"}],"replies":[{"embeddable":true,"href":"https:\/\/uniform.lv\/lv\/wp-json\/wp\/v2\/comments?post=1342"}],"version-history":[{"count":5,"href":"https:\/\/uniform.lv\/lv\/wp-json\/wp\/v2\/pages\/1342\/revisions"}],"predecessor-version":[{"id":1360,"href":"https:\/\/uniform.lv\/lv\/wp-json\/wp\/v2\/pages\/1342\/revisions\/1360"}],"wp:attachment":[{"href":"https:\/\/uniform.lv\/lv\/wp-json\/wp\/v2\/media?parent=1342"}],"curies":[{"name":"wp","href":"https:\/\/api.w.org\/{rel}","templated":true}]}}