{"id":1353,"date":"2022-01-19T11:36:50","date_gmt":"2022-01-19T08:36:50","guid":{"rendered":"http:\/\/uniform.lv\/?page_id=1353"},"modified":"2022-03-08T19:37:40","modified_gmt":"2022-03-08T16:37:40","slug":"uniforma-dlya-kazino","status":"publish","type":"page","link":"https:\/\/uniform.lv\/lv\/uniforma-dlya-kazino\/","title":{"rendered":"Kazino darbinieku formas t\u0113rps"},"content":{"rendered":"<p><\/p>\n<p>BAJARSSKA rada unik\u0101la dizaina formas t\u0113rpus visu l\u012bme\u0146u kazino darbiniekiem \u2013 no vad\u012bt\u0101jiem un krupj\u0113, kas str\u0101d\u0101 z\u0101l\u0113, l\u012bdz tehniskiem speci\u0101listiem, kas atbild par kazino infrastrukt\u016bru un dro\u0161\u012bbu. M\u0113s \u0146emam v\u0113r\u0101 gan kazino korporat\u012bv\u0101 stila vajadz\u012bbas, gan uzdevumus, ko izvirza m\u0101rketinga un person\u0101la vad\u012bbas noda\u013cas.<\/p>\n<p><a href=\"https:\/\/uniform.lv\/lv\/uniforma-dlya-aviokompanij\/#contact\">Aizpildiet pas\u016bt\u012bjuma formu vai uzdodiet mums jaut\u0101jumu<\/a><\/p>\n<p><\/p>","protected":false},"excerpt":{"rendered":"<p>BAJARSSKA rada unik\u0101la dizaina formas t\u0113rpus visu l\u012bme\u0146u kazino darbiniekiem \u2013 no vad\u012bt\u0101jiem un krupj\u0113, kas str\u0101d\u0101 z\u0101l\u0113, l\u012bdz tehniskiem speci\u0101listiem, kas atbild par kazino infrastrukt\u016bru un dro\u0161\u012bbu. M\u0113s \u0146emam v\u0113r\u0101 gan kazino korporat\u012bv\u0101 stila vajadz\u012bbas, gan uzdevumus, ko izvirza m\u0101rketinga un person\u0101la vad\u012bbas noda\u013cas. Aizpildiet pas\u016bt\u012bjuma formu vai uzdodiet mums jaut\u0101jumu<\/p>\n","protected":false},"author":1,"featured_media":0,"parent":0,"menu_order":0,"comment_status":"closed","ping_status":"closed","template":"","meta":{"inline_featured_image":false,"footnotes":""},"class_list":["post-1353","page","type-page","status-publish","hentry"],"_links":{"self":[{"href":"https:\/\/uniform.lv\/lv\/wp-json\/wp\/v2\/pages\/1353","targetHints":{"allow":["GET"]}}],"collection":[{"href":"https:\/\/uniform.lv\/lv\/wp-json\/wp\/v2\/pages"}],"about":[{"href":"https:\/\/uniform.lv\/lv\/wp-json\/wp\/v2\/types\/page"}],"author":[{"embeddable":true,"href":"https:\/\/uniform.lv\/lv\/wp-json\/wp\/v2\/users\/1"}],"replies":[{"embeddable":true,"href":"https:\/\/uniform.lv\/lv\/wp-json\/wp\/v2\/comments?post=1353"}],"version-history":[{"count":4,"href":"https:\/\/uniform.lv\/lv\/wp-json\/wp\/v2\/pages\/1353\/revisions"}],"predecessor-version":[{"id":1362,"href":"https:\/\/uniform.lv\/lv\/wp-json\/wp\/v2\/pages\/1353\/revisions\/1362"}],"wp:attachment":[{"href":"https:\/\/uniform.lv\/lv\/wp-json\/wp\/v2\/media?parent=1353"}],"curies":[{"name":"wp","href":"https:\/\/api.w.org\/{rel}","templated":true}]}}