{"id":2073,"date":"2024-11-13T19:18:15","date_gmt":"2024-11-13T16:18:15","guid":{"rendered":"https:\/\/uniform.lv\/?page_id=2073"},"modified":"2026-01-27T18:36:55","modified_gmt":"2026-01-27T15:36:55","slug":"projects","status":"publish","type":"page","link":"https:\/\/uniform.lv\/lv\/projects\/","title":{"rendered":"Projekti"},"content":{"rendered":"<p><\/p>\n<p><strong>SIA &#8221;BAJARSSKA\u201d sa\u0146em atbalstu projekta \u201cMVU inovat\u012bvas uz\u0146\u0113m\u0113jdarb\u012bbas att\u012bst\u012bba\u201d ietvaros. <\/strong><\/p>\n<p><em>SIA &#8221;BAJARSSKA\u201d 26.06.2024. nosl\u0113dza ar LIAA l\u012bgumu \u00a0Nr. 17.1-1-L-2024\/301\u00a0par atbalsta sa\u0146em\u0161anu eksporta atbalsta nodro\u0161in\u0101\u0161anai projekta \u201c<\/em><em>MVU inovat\u012bvas uz\u0146\u0113m\u0113jdarb\u012bbas att\u012bst\u012bba\u201d ietvaros, ko l\u012bdzfinans\u0113 Eiropas Re\u0123ion\u0101l\u0101s att\u012bst\u012bbas fonds.\u00a0<\/em><\/p>\n<p><em> <img loading=\"lazy\" decoding=\"async\" class=\"wp-image-2075 size-thumbnail aligncenter\" src=\"http:\/\/uniform.lv\/wp-content\/uploads\/Risunok1-300x128.jpg\" alt=\"\" width=\"300\" height=\"128\" srcset=\"https:\/\/uniform.lv\/wp-content\/uploads\/Risunok1-300x128.jpg 300w, https:\/\/uniform.lv\/wp-content\/uploads\/Risunok1-600x256.jpg 600w, https:\/\/uniform.lv\/wp-content\/uploads\/Risunok1.jpg 758w\" sizes=\"auto, (max-width: 300px) 100vw, 300px\" \/><\/em><\/p>\n<p>Inform\u0101cija ievietota 2024. gada 1. j\u016blij\u0101.<\/p>\n<p><\/p>","protected":false},"excerpt":{"rendered":"<p>SIA &#8221;BAJARSSKA\u201d sa\u0146em atbalstu projekta \u201cMVU inovat\u012bvas uz\u0146\u0113m\u0113jdarb\u012bbas att\u012bst\u012bba\u201d ietvaros. SIA &#8221;BAJARSSKA\u201d 26.06.2024. nosl\u0113dza ar LIAA l\u012bgumu \u00a0Nr. 17.1-1-L-2024\/301\u00a0par atbalsta sa\u0146em\u0161anu eksporta atbalsta nodro\u0161in\u0101\u0161anai projekta \u201cMVU inovat\u012bvas uz\u0146\u0113m\u0113jdarb\u012bbas att\u012bst\u012bba\u201d ietvaros, ko l\u012bdzfinans\u0113 Eiropas Re\u0123ion\u0101l\u0101s att\u012bst\u012bbas fonds.\u00a0 Inform\u0101cija ievietota 2024. gada 1. j\u016blij\u0101.<\/p>\n","protected":false},"author":1,"featured_media":0,"parent":0,"menu_order":0,"comment_status":"closed","ping_status":"closed","template":"","meta":{"inline_featured_image":false,"footnotes":""},"class_list":["post-2073","page","type-page","status-publish","hentry"],"_links":{"self":[{"href":"https:\/\/uniform.lv\/lv\/wp-json\/wp\/v2\/pages\/2073","targetHints":{"allow":["GET"]}}],"collection":[{"href":"https:\/\/uniform.lv\/lv\/wp-json\/wp\/v2\/pages"}],"about":[{"href":"https:\/\/uniform.lv\/lv\/wp-json\/wp\/v2\/types\/page"}],"author":[{"embeddable":true,"href":"https:\/\/uniform.lv\/lv\/wp-json\/wp\/v2\/users\/1"}],"replies":[{"embeddable":true,"href":"https:\/\/uniform.lv\/lv\/wp-json\/wp\/v2\/comments?post=2073"}],"version-history":[{"count":3,"href":"https:\/\/uniform.lv\/lv\/wp-json\/wp\/v2\/pages\/2073\/revisions"}],"predecessor-version":[{"id":2453,"href":"https:\/\/uniform.lv\/lv\/wp-json\/wp\/v2\/pages\/2073\/revisions\/2453"}],"wp:attachment":[{"href":"https:\/\/uniform.lv\/lv\/wp-json\/wp\/v2\/media?parent=2073"}],"curies":[{"name":"wp","href":"https:\/\/api.w.org\/{rel}","templated":true}]}}