{"id":41,"date":"2017-08-12T10:29:27","date_gmt":"2017-08-12T07:29:27","guid":{"rendered":"http:\/\/uniform.lv\/?page_id=41"},"modified":"2022-03-10T15:03:57","modified_gmt":"2022-03-10T12:03:57","slug":"manufacturing","status":"publish","type":"page","link":"https:\/\/uniform.lv\/lv\/manufacturing\/","title":{"rendered":"Ra\u017eo\u0161ana"},"content":{"rendered":"<p><\/p>\n<p>Kvalitat\u012bva ra\u017eotne ir BAJARSSKA priorit\u0101te kop\u0161 komp\u0101nijas dibin\u0101\u0161anas 1992. gad\u0101. Ra\u017eotne ir apr\u012bkota ar m\u016bsdien\u012bg\u0101m un jaun\u0101k\u0101m ra\u017eo\u0161anas iek\u0101rt\u0101m. Pa\u0161u ra\u017eo\u0161anas b\u0101ze \u013cauj kontrol\u0113t un garant\u0113t kvalit\u0101ti visa ra\u017eo\u0161anas cikla laik\u0101, neatkar\u012bgi no ra\u017eo\u0161anas sare\u017e\u0123\u012bt\u012bbas un projekta specifik\u0101cijas.<\/p>\n<p>M\u0113s nep\u0101rtraukti str\u0101d\u0101jam ne tikai pie ra\u017eotnes moderniz\u0101cijas, bet ar\u012b pie \u0113rta sadarb\u012bbas mode\u013ca izveides visiem BAJARSSKA klientiem.<\/p>\n<ol>\n<li>Sa\u0146emot pieteikumu, m\u0113s detaliz\u0113ti apsprie\u017eam formas dr\u0113bes, kas j\u0101veido. Sniedzam atbalstu izm\u0113ru noteik\u0161anai.<\/li>\n<li>P\u0113c izm\u0113ru noteik\u0161anas un pras\u012bbu noskaidro\u0161anas, BAJARSSKA pied\u0101v\u0101 audumu paraugus un sniedz komerci\u0101lu pied\u0101v\u0101jumu.<\/li>\n<li>Pirms ra\u017eo\u0161anas procesa uzs\u0101k\u0161anas, uniforma tiek izsniegta speci\u0101listam, kur\u0161 praktisk\u0101 ce\u013c\u0101 p\u0101rbauda to vismaz da\u017eas dienas.<\/li>\n<li>Atkar\u012bb\u0101 no materi\u0101liem un audumiem, BAJARSSKA sniedz profesion\u0101lus padomus ap\u0123\u0113rba pareizai kop\u0161anai.<\/li>\n<\/ol>\n<p>Klientu \u0113rt\u012bbai, komp\u0101nijai BAJARSSKA ir 4 p\u0101rst\u0101vniec\u012bbas Eiropas un \u0100zijas teritorij\u0101: Manila (Filip\u012bnas) un Odesa (Ukraina).<\/p>\n<p>BAJARSSKA klienti nov\u0113rt\u0113 p\u0101rdom\u0101tu, caursp\u012bd\u012bgu atskai\u0161u sist\u0113mu un saprotamus pas\u016bt\u012bjuma veik\u0161anas principus.<\/p>\n<p><a class=\"anchor\" href=\"#contact\">Aizpildiet pieteikuma formu vai uzdodiet mums jaut\u0101jumu<\/a><\/p>\n<p><\/p>","protected":false},"excerpt":{"rendered":"<p>Kvalitat\u012bva ra\u017eotne ir BAJARSSKA priorit\u0101te kop\u0161 komp\u0101nijas dibin\u0101\u0161anas 1992. gad\u0101. Ra\u017eotne ir apr\u012bkota ar m\u016bsdien\u012bg\u0101m un jaun\u0101k\u0101m ra\u017eo\u0161anas iek\u0101rt\u0101m. Pa\u0161u ra\u017eo\u0161anas b\u0101ze \u013cauj kontrol\u0113t un garant\u0113t kvalit\u0101ti visa ra\u017eo\u0161anas cikla laik\u0101, neatkar\u012bgi no ra\u017eo\u0161anas sare\u017e\u0123\u012bt\u012bbas un projekta specifik\u0101cijas. M\u0113s nep\u0101rtraukti str\u0101d\u0101jam ne tikai pie ra\u017eotnes moderniz\u0101cijas, bet ar\u012b pie \u0113rta sadarb\u012bbas mode\u013ca izveides visiem BAJARSSKA [&hellip;]<\/p>\n","protected":false},"author":1,"featured_media":0,"parent":0,"menu_order":0,"comment_status":"closed","ping_status":"closed","template":"","meta":{"inline_featured_image":false,"footnotes":""},"class_list":["post-41","page","type-page","status-publish","hentry"],"_links":{"self":[{"href":"https:\/\/uniform.lv\/lv\/wp-json\/wp\/v2\/pages\/41","targetHints":{"allow":["GET"]}}],"collection":[{"href":"https:\/\/uniform.lv\/lv\/wp-json\/wp\/v2\/pages"}],"about":[{"href":"https:\/\/uniform.lv\/lv\/wp-json\/wp\/v2\/types\/page"}],"author":[{"embeddable":true,"href":"https:\/\/uniform.lv\/lv\/wp-json\/wp\/v2\/users\/1"}],"replies":[{"embeddable":true,"href":"https:\/\/uniform.lv\/lv\/wp-json\/wp\/v2\/comments?post=41"}],"version-history":[{"count":5,"href":"https:\/\/uniform.lv\/lv\/wp-json\/wp\/v2\/pages\/41\/revisions"}],"predecessor-version":[{"id":1363,"href":"https:\/\/uniform.lv\/lv\/wp-json\/wp\/v2\/pages\/41\/revisions\/1363"}],"wp:attachment":[{"href":"https:\/\/uniform.lv\/lv\/wp-json\/wp\/v2\/media?parent=41"}],"curies":[{"name":"wp","href":"https:\/\/api.w.org\/{rel}","templated":true}]}}