{"id":49,"date":"2017-08-12T10:32:45","date_gmt":"2017-08-12T07:32:45","guid":{"rendered":"http:\/\/uniform.lv\/?page_id=49"},"modified":"2022-01-18T17:24:51","modified_gmt":"2022-01-18T14:24:51","slug":"logo-embossing","status":"publish","type":"page","link":"https:\/\/uniform.lv\/lv\/logo-embossing\/","title":{"rendered":"Logo apdruka"},"content":{"rendered":"<p><\/p>\n<p>Komp\u0101nija BAJARSSKA nodro\u0161ina pla\u0161u iz\u0161uvumu, sietspiedes un plotera risin\u0101jumu kl\u0101stu, izmantojot jaun\u0101k\u0101s iz\u0161\u016b\u0161anas tehnolo\u0123ijas, kas pieejamas tirg\u016b.<\/p>\n<p>M\u0113s veicam da\u017e\u0101da veida korporat\u012bv\u0101s identit\u0101tes, logo, \u0123erbo\u0146a iz\u0161uvumus uz T-krekliem, cepur\u0113m, dvie\u013ciem un citiem auduma elementiem. Pal\u012bdzam uztur\u0113t modernu un presti\u017eu organiz\u0101cijas t\u0113lu, radot daudzveid\u012bgus un kvalitat\u012bvus logo apdrukas risin\u0101jumus.<\/p>\n<p>Sadarb\u012bbas ievaros, operat\u012bvi izgatavojam embl\u0113mas, \u0161evronus, iel\u0101pes, jebkuru formas ap\u0123\u0113rbu rot\u0101jumus un ori\u0123in\u0101lus iz\u0161uvumus. Lai vienotos par logotipam vai uz\u0161uvumam atbilsto\u0161\u0101ko tehnolo\u0123iju un izmaks\u0101m, sazinieties ar BAJARSSKA speci\u0101listiem.<\/p>\n<p><a class=\"anchor\" href=\"#contact\">Aizpildiet pas\u016bt\u012bjuma veidlapu vai uzdodiet mums jaut\u0101jumu<\/a><\/p>\n<p><\/p>","protected":false},"excerpt":{"rendered":"<p>Komp\u0101nija BAJARSSKA nodro\u0161ina pla\u0161u iz\u0161uvumu, sietspiedes un plotera risin\u0101jumu kl\u0101stu, izmantojot jaun\u0101k\u0101s iz\u0161\u016b\u0161anas tehnolo\u0123ijas, kas pieejamas tirg\u016b. M\u0113s veicam da\u017e\u0101da veida korporat\u012bv\u0101s identit\u0101tes, logo, \u0123erbo\u0146a iz\u0161uvumus uz T-krekliem, cepur\u0113m, dvie\u013ciem un citiem auduma elementiem. Pal\u012bdzam uztur\u0113t modernu un presti\u017eu organiz\u0101cijas t\u0113lu, radot daudzveid\u012bgus un kvalitat\u012bvus logo apdrukas risin\u0101jumus. Sadarb\u012bbas ievaros, operat\u012bvi izgatavojam embl\u0113mas, \u0161evronus, iel\u0101pes, [&hellip;]<\/p>\n","protected":false},"author":1,"featured_media":0,"parent":0,"menu_order":0,"comment_status":"closed","ping_status":"closed","template":"","meta":{"inline_featured_image":false,"footnotes":""},"class_list":["post-49","page","type-page","status-publish","hentry"],"_links":{"self":[{"href":"https:\/\/uniform.lv\/lv\/wp-json\/wp\/v2\/pages\/49","targetHints":{"allow":["GET"]}}],"collection":[{"href":"https:\/\/uniform.lv\/lv\/wp-json\/wp\/v2\/pages"}],"about":[{"href":"https:\/\/uniform.lv\/lv\/wp-json\/wp\/v2\/types\/page"}],"author":[{"embeddable":true,"href":"https:\/\/uniform.lv\/lv\/wp-json\/wp\/v2\/users\/1"}],"replies":[{"embeddable":true,"href":"https:\/\/uniform.lv\/lv\/wp-json\/wp\/v2\/comments?post=49"}],"version-history":[{"count":5,"href":"https:\/\/uniform.lv\/lv\/wp-json\/wp\/v2\/pages\/49\/revisions"}],"predecessor-version":[{"id":1341,"href":"https:\/\/uniform.lv\/lv\/wp-json\/wp\/v2\/pages\/49\/revisions\/1341"}],"wp:attachment":[{"href":"https:\/\/uniform.lv\/lv\/wp-json\/wp\/v2\/media?parent=49"}],"curies":[{"name":"wp","href":"https:\/\/api.w.org\/{rel}","templated":true}]}}