{"id":601,"date":"2018-05-29T15:18:10","date_gmt":"2018-05-29T12:18:10","guid":{"rendered":"http:\/\/uniform.lv\/?page_id=601"},"modified":"2024-11-14T16:59:07","modified_gmt":"2024-11-14T13:59:07","slug":"privacy-policy","status":"publish","type":"page","link":"https:\/\/uniform.lv\/lv\/privacy-policy\/","title":{"rendered":"Konfidencialit\u0101tes politika"},"content":{"rendered":"<p><\/p>\n<p>M\u0101jas lapas \u012bpa\u0161nieks \u201cBAJARSSKA\u201d SIA un m\u0101jas lapas izstr\u0101d\u0101t\u0101js SIA &#8220;ADVANCED LEARNING &amp; COMMUNICATIONS&#8221; r\u016bp\u0113jas par m\u0101jas lapas apmekl\u0113t\u0101ju person\u012bgo datu dro\u0161\u012bbu atbilsto\u0161i <a href=\"http:\/\/eur-lex.europa.eu\/legal-content\/LV\/TXT\/HTML\/?uri=CELEX:32016R0679&amp;from=LV\" target=\"_blank\" rel=\"noopener\">ES VISP\u0100R\u0112J\u0100S DATU AIZSARDZ\u012aBAS REGULAI (GDPR)<\/a> un Konfidencialit\u0101tes politikas noteikumiem. Lietojot \u0161o m\u0101jaslapu, apmekl\u0113t\u0101js autom\u0101tiski piekr\u012bt visiem Konfidencialit\u0101tes politikas noteikumiem un vi\u0146a person\u012bgo datu apstr\u0101dei.<\/p>\n<h2>1. S\u012bkdat\u0146u (&#8220;Cookies&#8221;) uzglab\u0101\u0161anas m\u0113r\u0137is<\/h2>\n<p>M\u0101jas lap\u0101 tiek izmantotas s\u012bkdatnes, kas nepiecie\u0161amas aktu\u0101las inform\u0101cijas att\u0113lo\u0161anai m\u0101jas lapas apmekl\u0113t\u0101jiem. Lai s\u012bkdatnes netiktu uzglab\u0101tas, apmekl\u0113t\u0101js var izmantot anon\u012bmo (&#8220;Inkognito&#8221;) re\u017e\u012bmu sav\u0101 interneta p\u0101rl\u016bk\u0101.<\/p>\n<h2>2. Kontaktformu pieteikuma datu uzglab\u0101\u0161anas m\u0113r\u0137is<\/h2>\n<p>Visi dati, kas tiek nos\u016bt\u012bti caur m\u0101jas lapas kontaktformu, tiek uzglab\u0101ti kvalitat\u012bvas atpaka\u013csaites snieg\u0161anai m\u0101jas lapas apmekl\u0113t\u0101jiem, potenci\u0101li iesp\u0113jam\u0101 vai nosl\u0113gt\u0101 l\u012bguma izpildei un komunik\u0101cijai par L\u012bguma izpildi, k\u0101 ar\u012b apmekl\u0113t\u0101ju informat\u012bv\u0101s un rekl\u0101mas apzi\u0146o\u0161anas nol\u016bkos.<\/p>\n<h2>3. Personas datu uzglab\u0101\u0161anas termi\u0146i<\/h2>\n<p>Lai uztur\u0113tu kvalitat\u012bvu komunik\u0101ciju ar m\u0101jas lapas apmekl\u0113t\u0101jiem, personas dati tiek uzglab\u0101ti 1 (viena) kalend\u0101r\u0101 gada laik\u0101 kop\u0161 personas datu ieg\u016b\u0161anas. Ja netika sa\u0146emts rakstisks pieteikums no m\u0101jas lapas apmekl\u0113t\u0101ja par vi\u0146a person\u012bgo datu dz\u0113\u0161anas nepiecie\u0161am\u012bbu, datu uzglab\u0101\u0161ana katreiz p\u0113c datu uzglab\u0101\u0161anas termi\u0146a beig\u0101m tiek pagarin\u0101ta uz v\u0113l 1 (vienu) kalend\u0101ro gadu.<\/p>\n<h2>4. Atbildes snieg\u0161ana par datiem, datu p\u0101rvald\u012b\u0161ana un dz\u0113\u0161ana<\/h2>\n<p>M\u0101jas lapas apmekl\u0113t\u0101js var piepras\u012bt inform\u0101cijas snieg\u0161anu par vi\u0146a person\u012bgiem datiem, kas tiek uzglab\u0101ti uz \u201cBAJARSSKA\u201d SIA serveriem 20 (divdesmit) darba dienu laik\u0101, jaut\u0101t par person\u012bgo datu sa\u0146em\u0161anas laiku un veidu, uzglab\u0101\u0161anas iemesliem, veikt izmai\u0146as datos, k\u0101 ar\u012b l\u016bgt dz\u0113st datus, ja piepras\u012bjums nav pretrun\u0101 ar LR likumdo\u0161anu.<\/p>\n<p>Ja person\u012bgie dati, kuriem nav sensit\u012bvais raksturs \u2013 e-pasts, t\u0101lrunis, v\u0101rds vai uzv\u0101rds \u2013 tika apstr\u0101d\u0101ti rekl\u0101mas nol\u016bkos (piem\u0113ram, rekl\u0101mas kampa\u0146as organiz\u0113\u0161anai) un m\u0101jas lap\u0101 datus nor\u0101d\u012bjusi tre\u0161\u0101 persona, dati tiks nekav\u0113joties dz\u0113sti p\u0113c piepras\u012bjuma.<\/p>\n<p>Piepras\u012bjumus, kas saist\u012bti ar person\u012bgiem datiem, l\u016bdzam s\u016bt\u012bt uz <a href=\"mailto:info@uniform.lv\">info@uniform.lv<\/a>.<\/p>\n<h2>5. Datu dz\u0113\u0161anas atteikums<\/h2>\n<p>Person\u012bgie dati nevar tikt dz\u0113sti, ja starp \u201cBAJARSSKA\u201d SIA un m\u0101jas lapas apmekl\u0113t\u0101ju nosl\u0113gts sadarb\u012bbas l\u012bgums vai dati nepiecie\u0161ami, lai izpild\u012btu citas LR likumdo\u0161an\u0101 paredz\u0113t\u0101s pras\u012bbas (piem\u0113ram, LR likumdo\u0161an\u0101s noteikt\u0101s pras\u012bbas pret uz\u0146\u0113muma gr\u0101matved\u012bbu).<\/p>\n<h2>6. Datu dro\u0161\u012bba, uzglab\u0101\u0161ana un p\u0101rraides tehnolo\u0123ijas<\/h2>\n<p>Par person\u012bgo datu uzglab\u0101\u0161anas dro\u0161\u012bbu m\u0101jas lap\u0101 atbild m\u0101jas lapas izstr\u0101d\u0101t\u0101js SIA &#8220;ADVANCED LEARNING &amp; COMMUNICATIONS&#8221; (\u201cDatu apstr\u0101d\u0101t\u0101js\u201d). Par person\u012bgo datu dro\u0161\u012bbu, kas tiek uzglab\u0101ti uz serveriem, kas nav saist\u012bti ar m\u0101jas lapu (uz\u0146\u0113muma iek\u0161\u0113jie serveri), atbild \u201cBAJARSSKA\u201d SIA (\u201cDatu p\u0101rzinis\u201d).<\/p>\n<p>Visiem person\u012bgiem datiem tiek izmantota dro\u0161a datu uzglab\u0101\u0161ana un p\u0101rraide: servera datiem var piek\u013c\u016bt tikai ar dro\u0161\u0101m, Datu apstr\u0101d\u0101t\u0101jam un Datu p\u0101rzinim zin\u0101maj\u0101m parol\u0113m; tiek izmantotas da\u017e\u0101das servera datu aizsardz\u012bbas tehnolo\u0123ijas (piem\u0113ram, ugunsm\u016bris jeb \u201cFirewall\u201d).<\/p>\n<p>Atsevi\u0161\u0137os gad\u012bjumos datu p\u0101rraidei var tikt izmantots HTTPS dro\u0161s savienojuma protokols, k\u0101 ar\u012b datu anon\u012bm\u0101 datu \u0161ifr\u0113\u0161ana uz servera.<\/p>\n<h2>7. Personas datu nodo\u0161ana tre\u0161aj\u0101m pus\u0113m<\/h2>\n<p>Personas dati netiek nodoti tre\u0161aj\u0101m pus\u0113m, iz\u0146emot gad\u012bjumus, kad tas nepiecie\u0161ams nosl\u0113gt\u0101 l\u012bguma vai LR normat\u012bvo aktu izpildei.<\/p>\n<p><\/p>","protected":false},"excerpt":{"rendered":"<p>M\u0101jas lapas \u012bpa\u0161nieks \u201cBAJARSSKA\u201d SIA un m\u0101jas lapas izstr\u0101d\u0101t\u0101js SIA &#8220;ADVANCED LEARNING &amp; COMMUNICATIONS&#8221; r\u016bp\u0113jas par m\u0101jas lapas apmekl\u0113t\u0101ju person\u012bgo datu dro\u0161\u012bbu atbilsto\u0161i ES VISP\u0100R\u0112J\u0100S DATU AIZSARDZ\u012aBAS REGULAI (GDPR) un Konfidencialit\u0101tes politikas noteikumiem. Lietojot \u0161o m\u0101jaslapu, apmekl\u0113t\u0101js autom\u0101tiski piekr\u012bt visiem Konfidencialit\u0101tes politikas noteikumiem un vi\u0146a person\u012bgo datu apstr\u0101dei. 1. S\u012bkdat\u0146u (&#8220;Cookies&#8221;) uzglab\u0101\u0161anas m\u0113r\u0137is M\u0101jas lap\u0101 [&hellip;]<\/p>\n","protected":false},"author":1,"featured_media":0,"parent":0,"menu_order":0,"comment_status":"closed","ping_status":"closed","template":"","meta":{"inline_featured_image":false,"footnotes":""},"class_list":["post-601","page","type-page","status-publish","hentry"],"_links":{"self":[{"href":"https:\/\/uniform.lv\/lv\/wp-json\/wp\/v2\/pages\/601","targetHints":{"allow":["GET"]}}],"collection":[{"href":"https:\/\/uniform.lv\/lv\/wp-json\/wp\/v2\/pages"}],"about":[{"href":"https:\/\/uniform.lv\/lv\/wp-json\/wp\/v2\/types\/page"}],"author":[{"embeddable":true,"href":"https:\/\/uniform.lv\/lv\/wp-json\/wp\/v2\/users\/1"}],"replies":[{"embeddable":true,"href":"https:\/\/uniform.lv\/lv\/wp-json\/wp\/v2\/comments?post=601"}],"version-history":[{"count":2,"href":"https:\/\/uniform.lv\/lv\/wp-json\/wp\/v2\/pages\/601\/revisions"}],"predecessor-version":[{"id":606,"href":"https:\/\/uniform.lv\/lv\/wp-json\/wp\/v2\/pages\/601\/revisions\/606"}],"wp:attachment":[{"href":"https:\/\/uniform.lv\/lv\/wp-json\/wp\/v2\/media?parent=601"}],"curies":[{"name":"wp","href":"https:\/\/api.w.org\/{rel}","templated":true}]}}